{"id":85,"date":"2022-03-03T18:26:07","date_gmt":"2022-03-03T18:26:07","guid":{"rendered":"http:\/\/s903353557.online.de\/?page_id=85"},"modified":"2024-11-19T15:40:32","modified_gmt":"2024-11-19T15:40:32","slug":"veranstaltungstechnik","status":"publish","type":"page","link":"https:\/\/spomodo.de\/?page_id=85","title":{"rendered":"Technik"},"content":{"rendered":"\n<div class=\"wp-block-kadence-rowlayout alignnone\">\n<div id=\"kt-layout-id_435cef-97\" class=\"kt-row-layout-inner kt-layout-id_435cef-97\">\n<div class=\"kt-row-column-wrap kt-has-2-columns kt-gutter-default kt-v-gutter-default kt-row-valign-middle kt-row-layout-equal kt-tab-layout-inherit kt-m-colapse-left-to-right kt-mobile-layout-row kb-theme-content-width\">\n<div class=\"wp-block-kadence-column inner-column-1 kadence-column_f34abd-34\">\n<div class=\"kt-inside-inner-col\">\n<h2 class=\"kt-adv-heading_2bbb68-a2 wp-block-kadence-advancedheading has-cyan-bluish-gray-color has-text-color\" data-kb-block=\"kb-adv-heading_2bbb68-a2\">Audio-Technik<\/h2>\n<div class=\"wp-block-kadence-rowlayout alignnone\">\n<div id=\"kt-layout-id_b4c475-d5\" class=\"kt-row-layout-inner kt-layout-id_b4c475-d5\">\n<div class=\"kt-row-column-wrap kt-has-2-columns kt-gutter-default kt-v-gutter-default kt-row-valign-top kt-row-layout-equal kt-tab-layout-equal kt-m-colapse-left-to-right kt-mobile-layout-row\">\n<div class=\"wp-block-kadence-column inner-column-1 kadence-column_3ee83f-de\">\n<div class=\"kt-inside-inner-col\">\n<h1 class=\"kt-adv-heading_917ac7-39 wp-block-kadence-advancedheading has-black-color has-text-color\" data-kb-block=\"kb-adv-heading_917ac7-39\">PA<\/h1>\n<p class=\"has-small-font-size\"><strong>komplette Veranstaltungstechnik f\u00fcr Hallenbeschallung.<\/strong><\/p>\n<\/div>\n<\/div>\n<div class=\"wp-block-kadence-column inner-column-2 kadence-column_ea4e45-69\">\n<div class=\"kt-inside-inner-col\">\n<h1 class=\"kt-adv-heading_16b0fb-2c wp-block-kadence-advancedheading has-black-color has-text-color\" data-kb-block=\"kb-adv-heading_16b0fb-2c\">DJ<\/h1>\n<p class=\"has-small-font-size\"><strong>Audio-Zuspieler (IPAD basiert) f\u00fcr Musik und Jingles (&gt;100) bei Veranstaltungen<\/strong><\/p>\n<\/div>\n<\/div>\n<\/div>\n<\/div>\n<\/div>\n<div class=\"wp-block-kadence-rowlayout alignnone\">\n<div id=\"kt-layout-id_b830dd-86\" class=\"kt-row-layout-inner kt-layout-id_b830dd-86\">\n<div class=\"kt-row-column-wrap kt-has-2-columns kt-gutter-default kt-v-gutter-default kt-row-valign-top kt-row-layout-equal kt-tab-layout-equal kt-m-colapse-left-to-right kt-mobile-layout-row\">\n<div class=\"wp-block-kadence-column inner-column-1 kadence-column_a74ae4-6a\">\n<div class=\"kt-inside-inner-col\">\n<h1 class=\"kt-adv-heading_735ef2-fd wp-block-kadence-advancedheading has-black-color has-text-color\" data-kb-block=\"kb-adv-heading_735ef2-fd\">DAP<\/h1>\n<p class=\"has-small-font-size\"><strong>Equipment f\u00fcr digitale Audioproduktion mit umfangreicher Produktionstechnik<\/strong><\/p>\n<\/div>\n<\/div>\n<div class=\"wp-block-kadence-column inner-column-2 kadence-column_5cbe6d-7c\">\n<div class=\"kt-inside-inner-col\">\n<h1 class=\"kt-adv-heading_bf74d9-53 wp-block-kadence-advancedheading has-black-color has-text-color\" data-kb-block=\"kb-adv-heading_bf74d9-53\">Produktion<\/h1>\n<p class=\"has-small-font-size\"><strong>Qualitativ hochwertige Produktion von Beitr\u00e4gen und Musikproduktionen<\/strong><\/p>\n<\/div>\n<\/div>\n<\/div>\n<\/div>\n<\/div>\n<\/div>\n<\/div>\n<div class=\"wp-block-kadence-column inner-column-2 kadence-column_15d2b0-a1\">\n<figure><img loading=\"lazy\" decoding=\"async\" class=\"wp-image-163\" src=\"https:\/\/spomodo.de\/wp-content\/uploads\/2022\/03\/CakePult-1024x967.jpg\" alt=\"\" width=\"435\" height=\"411\" srcset=\"https:\/\/spomodo.de\/wp-content\/uploads\/2022\/03\/CakePult-1024x967.jpg 1024w, https:\/\/spomodo.de\/wp-content\/uploads\/2022\/03\/CakePult-300x283.jpg 300w, https:\/\/spomodo.de\/wp-content\/uploads\/2022\/03\/CakePult-768x725.jpg 768w, https:\/\/spomodo.de\/wp-content\/uploads\/2022\/03\/CakePult-1536x1450.jpg 1536w, https:\/\/spomodo.de\/wp-content\/uploads\/2022\/03\/CakePult-2048x1933.jpg 2048w\" sizes=\"auto, (max-width: 435px) 100vw, 435px\" \/><\/figure>\n<div class=\"kt-inside-inner-col\">\u00a0<\/div>\n<\/div>\n<\/div>\n<\/div>\n<\/div>\n\n\n\n<div class=\"wp-block-kadence-advancedbtn kt-btn-align-center kt-btn-tablet-align-inherit kt-btn-mobile-align-inherit kt-btns-wrap kt-btns_50f9a4-bb\">\n<div class=\"kt-btn-wrap kt-btn-wrap-0\"><a class=\"kt-button button kt-btn-0-action kt-btn-size-standard kt-btn-style-basic kt-btn-svg-show-always kt-btn-has-text-true kt-btn-has-svg-false\" href=\"https:\/\/spomodo.de\/\"><span class=\"kt-btn-inner-text\">Zur\u00fcck<\/span><\/a><\/div>\n<\/div>\n","protected":false},"excerpt":{"rendered":"<p>Audio-Technik PA komplette Veranstaltungstechnik f\u00fcr Hallenbeschallung. DJ Audio-Zuspieler (IPAD basiert) f\u00fcr Musik und Jingles (&gt;100) bei Veranstaltungen DAP Equipment f\u00fcr digitale Audioproduktion mit umfangreicher Produktionstechnik Produktion Qualitativ hochwertige Produktion von Beitr\u00e4gen und Musikproduktionen \u00a0 Zur\u00fcck<\/p>\n","protected":false},"author":1,"featured_media":0,"parent":0,"menu_order":0,"comment_status":"closed","ping_status":"closed","template":"","meta":{"footnotes":""},"class_list":["post-85","page","type-page","status-publish","hentry"],"yoast_head":"<!-- This site is optimized with the Yoast SEO plugin v27.5 - https:\/\/yoast.com\/product\/yoast-seo-wordpress\/ -->\n<title>Technik - SPOMODO<\/title>\n<meta name=\"robots\" content=\"index, follow, max-snippet:-1, max-image-preview:large, max-video-preview:-1\" \/>\n<link rel=\"canonical\" href=\"https:\/\/spomodo.de\/?page_id=85\" \/>\n<meta property=\"og:locale\" content=\"de_DE\" \/>\n<meta property=\"og:type\" content=\"article\" \/>\n<meta property=\"og:title\" content=\"Technik - SPOMODO\" \/>\n<meta property=\"og:description\" content=\"Audio-Technik PA komplette Veranstaltungstechnik f\u00fcr Hallenbeschallung. DJ Audio-Zuspieler (IPAD basiert) f\u00fcr Musik und Jingles (&gt;100) bei Veranstaltungen DAP Equipment f\u00fcr digitale Audioproduktion mit umfangreicher Produktionstechnik Produktion Qualitativ hochwertige Produktion von Beitr\u00e4gen und Musikproduktionen \u00a0 Zur\u00fcck\" \/>\n<meta property=\"og:url\" content=\"https:\/\/spomodo.de\/?page_id=85\" \/>\n<meta property=\"og:site_name\" content=\"SPOMODO\" \/>\n<meta property=\"article:modified_time\" content=\"2024-11-19T15:40:32+00:00\" \/>\n<meta property=\"og:image\" content=\"https:\/\/spomodo.de\/wp-content\/uploads\/2022\/03\/CakePult-1024x967.jpg\" \/>\n<meta name=\"twitter:card\" content=\"summary_large_image\" \/>\n<meta name=\"twitter:label1\" content=\"Gesch\u00e4tzte Lesezeit\" \/>\n\t<meta name=\"twitter:data1\" content=\"1\u00a0Minute\" \/>\n<script type=\"application\/ld+json\" class=\"yoast-schema-graph\">{\"@context\":\"https:\\\/\\\/schema.org\",\"@graph\":[{\"@type\":\"WebPage\",\"@id\":\"https:\\\/\\\/spomodo.de\\\/?page_id=85\",\"url\":\"https:\\\/\\\/spomodo.de\\\/?page_id=85\",\"name\":\"Technik - SPOMODO\",\"isPartOf\":{\"@id\":\"https:\\\/\\\/spomodo.de\\\/#website\"},\"primaryImageOfPage\":{\"@id\":\"https:\\\/\\\/spomodo.de\\\/?page_id=85#primaryimage\"},\"image\":{\"@id\":\"https:\\\/\\\/spomodo.de\\\/?page_id=85#primaryimage\"},\"thumbnailUrl\":\"https:\\\/\\\/spomodo.de\\\/wp-content\\\/uploads\\\/2022\\\/03\\\/CakePult-1024x967.jpg\",\"datePublished\":\"2022-03-03T18:26:07+00:00\",\"dateModified\":\"2024-11-19T15:40:32+00:00\",\"breadcrumb\":{\"@id\":\"https:\\\/\\\/spomodo.de\\\/?page_id=85#breadcrumb\"},\"inLanguage\":\"de\",\"potentialAction\":[{\"@type\":\"ReadAction\",\"target\":[\"https:\\\/\\\/spomodo.de\\\/?page_id=85\"]}]},{\"@type\":\"ImageObject\",\"inLanguage\":\"de\",\"@id\":\"https:\\\/\\\/spomodo.de\\\/?page_id=85#primaryimage\",\"url\":\"https:\\\/\\\/spomodo.de\\\/wp-content\\\/uploads\\\/2022\\\/03\\\/CakePult.jpg\",\"contentUrl\":\"https:\\\/\\\/spomodo.de\\\/wp-content\\\/uploads\\\/2022\\\/03\\\/CakePult.jpg\",\"width\":2068,\"height\":1952},{\"@type\":\"BreadcrumbList\",\"@id\":\"https:\\\/\\\/spomodo.de\\\/?page_id=85#breadcrumb\",\"itemListElement\":[{\"@type\":\"ListItem\",\"position\":1,\"name\":\"Startseite\",\"item\":\"https:\\\/\\\/spomodo.de\\\/\"},{\"@type\":\"ListItem\",\"position\":2,\"name\":\"Technik\"}]},{\"@type\":\"WebSite\",\"@id\":\"https:\\\/\\\/spomodo.de\\\/#website\",\"url\":\"https:\\\/\\\/spomodo.de\\\/\",\"name\":\"SPOMODO\",\"description\":\"Sprecher - Moderator - Produktionen\",\"publisher\":{\"@id\":\"https:\\\/\\\/spomodo.de\\\/#organization\"},\"potentialAction\":[{\"@type\":\"SearchAction\",\"target\":{\"@type\":\"EntryPoint\",\"urlTemplate\":\"https:\\\/\\\/spomodo.de\\\/?s={search_term_string}\"},\"query-input\":{\"@type\":\"PropertyValueSpecification\",\"valueRequired\":true,\"valueName\":\"search_term_string\"}}],\"inLanguage\":\"de\"},{\"@type\":\"Organization\",\"@id\":\"https:\\\/\\\/spomodo.de\\\/#organization\",\"name\":\"spomodo.de\",\"url\":\"https:\\\/\\\/spomodo.de\\\/\",\"logo\":{\"@type\":\"ImageObject\",\"inLanguage\":\"de\",\"@id\":\"https:\\\/\\\/spomodo.de\\\/#\\\/schema\\\/logo\\\/image\\\/\",\"url\":\"https:\\\/\\\/spomodo.de\\\/wp-content\\\/uploads\\\/2022\\\/03\\\/Logoweblaengs.jpg\",\"contentUrl\":\"https:\\\/\\\/spomodo.de\\\/wp-content\\\/uploads\\\/2022\\\/03\\\/Logoweblaengs.jpg\",\"width\":264,\"height\":359,\"caption\":\"spomodo.de\"},\"image\":{\"@id\":\"https:\\\/\\\/spomodo.de\\\/#\\\/schema\\\/logo\\\/image\\\/\"}}]}<\/script>\n<!-- \/ Yoast SEO plugin. -->","yoast_head_json":{"title":"Technik - SPOMODO","robots":{"index":"index","follow":"follow","max-snippet":"max-snippet:-1","max-image-preview":"max-image-preview:large","max-video-preview":"max-video-preview:-1"},"canonical":"https:\/\/spomodo.de\/?page_id=85","og_locale":"de_DE","og_type":"article","og_title":"Technik - SPOMODO","og_description":"Audio-Technik PA komplette Veranstaltungstechnik f\u00fcr Hallenbeschallung. DJ Audio-Zuspieler (IPAD basiert) f\u00fcr Musik und Jingles (&gt;100) bei Veranstaltungen DAP Equipment f\u00fcr digitale Audioproduktion mit umfangreicher Produktionstechnik Produktion Qualitativ hochwertige Produktion von Beitr\u00e4gen und Musikproduktionen \u00a0 Zur\u00fcck","og_url":"https:\/\/spomodo.de\/?page_id=85","og_site_name":"SPOMODO","article_modified_time":"2024-11-19T15:40:32+00:00","og_image":[{"url":"https:\/\/spomodo.de\/wp-content\/uploads\/2022\/03\/CakePult-1024x967.jpg","type":"","width":"","height":""}],"twitter_card":"summary_large_image","twitter_misc":{"Gesch\u00e4tzte Lesezeit":"1\u00a0Minute"},"schema":{"@context":"https:\/\/schema.org","@graph":[{"@type":"WebPage","@id":"https:\/\/spomodo.de\/?page_id=85","url":"https:\/\/spomodo.de\/?page_id=85","name":"Technik - SPOMODO","isPartOf":{"@id":"https:\/\/spomodo.de\/#website"},"primaryImageOfPage":{"@id":"https:\/\/spomodo.de\/?page_id=85#primaryimage"},"image":{"@id":"https:\/\/spomodo.de\/?page_id=85#primaryimage"},"thumbnailUrl":"https:\/\/spomodo.de\/wp-content\/uploads\/2022\/03\/CakePult-1024x967.jpg","datePublished":"2022-03-03T18:26:07+00:00","dateModified":"2024-11-19T15:40:32+00:00","breadcrumb":{"@id":"https:\/\/spomodo.de\/?page_id=85#breadcrumb"},"inLanguage":"de","potentialAction":[{"@type":"ReadAction","target":["https:\/\/spomodo.de\/?page_id=85"]}]},{"@type":"ImageObject","inLanguage":"de","@id":"https:\/\/spomodo.de\/?page_id=85#primaryimage","url":"https:\/\/spomodo.de\/wp-content\/uploads\/2022\/03\/CakePult.jpg","contentUrl":"https:\/\/spomodo.de\/wp-content\/uploads\/2022\/03\/CakePult.jpg","width":2068,"height":1952},{"@type":"BreadcrumbList","@id":"https:\/\/spomodo.de\/?page_id=85#breadcrumb","itemListElement":[{"@type":"ListItem","position":1,"name":"Startseite","item":"https:\/\/spomodo.de\/"},{"@type":"ListItem","position":2,"name":"Technik"}]},{"@type":"WebSite","@id":"https:\/\/spomodo.de\/#website","url":"https:\/\/spomodo.de\/","name":"SPOMODO","description":"Sprecher - Moderator - Produktionen","publisher":{"@id":"https:\/\/spomodo.de\/#organization"},"potentialAction":[{"@type":"SearchAction","target":{"@type":"EntryPoint","urlTemplate":"https:\/\/spomodo.de\/?s={search_term_string}"},"query-input":{"@type":"PropertyValueSpecification","valueRequired":true,"valueName":"search_term_string"}}],"inLanguage":"de"},{"@type":"Organization","@id":"https:\/\/spomodo.de\/#organization","name":"spomodo.de","url":"https:\/\/spomodo.de\/","logo":{"@type":"ImageObject","inLanguage":"de","@id":"https:\/\/spomodo.de\/#\/schema\/logo\/image\/","url":"https:\/\/spomodo.de\/wp-content\/uploads\/2022\/03\/Logoweblaengs.jpg","contentUrl":"https:\/\/spomodo.de\/wp-content\/uploads\/2022\/03\/Logoweblaengs.jpg","width":264,"height":359,"caption":"spomodo.de"},"image":{"@id":"https:\/\/spomodo.de\/#\/schema\/logo\/image\/"}}]}},"jetpack_sharing_enabled":true,"_links":{"self":[{"href":"https:\/\/spomodo.de\/index.php?rest_route=\/wp\/v2\/pages\/85","targetHints":{"allow":["GET"]}}],"collection":[{"href":"https:\/\/spomodo.de\/index.php?rest_route=\/wp\/v2\/pages"}],"about":[{"href":"https:\/\/spomodo.de\/index.php?rest_route=\/wp\/v2\/types\/page"}],"author":[{"embeddable":true,"href":"https:\/\/spomodo.de\/index.php?rest_route=\/wp\/v2\/users\/1"}],"replies":[{"embeddable":true,"href":"https:\/\/spomodo.de\/index.php?rest_route=%2Fwp%2Fv2%2Fcomments&post=85"}],"version-history":[{"count":14,"href":"https:\/\/spomodo.de\/index.php?rest_route=\/wp\/v2\/pages\/85\/revisions"}],"predecessor-version":[{"id":388,"href":"https:\/\/spomodo.de\/index.php?rest_route=\/wp\/v2\/pages\/85\/revisions\/388"}],"wp:attachment":[{"href":"https:\/\/spomodo.de\/index.php?rest_route=%2Fwp%2Fv2%2Fmedia&parent=85"}],"curies":[{"name":"wp","href":"https:\/\/api.w.org\/{rel}","templated":true}]}}