{"id":2,"date":"2022-03-01T10:23:24","date_gmt":"2022-03-01T10:23:24","guid":{"rendered":"http:\/\/s903353557.online.de\/?page_id=2"},"modified":"2024-06-17T15:05:04","modified_gmt":"2024-06-17T15:05:04","slug":"ueber-mich","status":"publish","type":"page","link":"https:\/\/spomodo.de\/","title":{"rendered":"Startseite"},"content":{"rendered":"\n<figure class=\"wp-block-image size-large is-resized\"><img loading=\"lazy\" decoding=\"async\" width=\"1024\" height=\"518\" src=\"https:\/\/spomodo.de\/wp-content\/uploads\/2022\/03\/BVBSlider-1024x518.jpg\" alt=\"Sportmoderation\" class=\"wp-image-30\" style=\"width:315px;height:auto\"\/><\/figure>\n\n\n\n<h2><span style=\"color: #808080;\">\u00dcber mich<\/span><\/h2>\n\n\n\n<p>WDR Radio Dortmund, die WDR \u00dcbertragungstechnik H\u00f6rfunk, die Deutsche Welle und der NDR waren Stationen meiner Reise durch die Radiowelt &#8211; und dies auf beiden Seiten der Studioscheibe. Zus\u00e4tzlich habe ich im aufkommenden B\u00fcrgerfunk der 90er Jahre Amateur-Gruppen bei der redaktionellen und technischen Erstellung von Radiobeitr\u00e4gen unterst\u00fctzt.<\/p>\n\n\n\n<p>Und auch wenn sich meine berufliche Karriere in Richtung IT Management in gro\u00dfen Konzernen (Siemens, EON, Bahn) entwickelt hat, sind sowohl meine sportlichen Ambitionen im Handball und Schwimmen als auch die technischen und rhetorischen Vorlieben immer aktuell geblieben.<\/p>\n\n\n\n<p>Zwischen 2020 und 2022 habe ich meine Aktivit\u00e4ten als Hallensprecher bei den BVB Handball-Damen durch eine mehrstufige Ausbildung bei der Sprecherakademie erg\u00e4nzt. <\/p>\n\n\n\n<blockquote class=\"wp-block-quote is-layout-flow wp-block-quote-is-layout-flow\">\n<p>H\u00f6rbuch und Synchronsprechen<\/p>\n\n\n\n<p>Dokumentation und Voice-Over<\/p>\n<\/blockquote>\n\n\n\n<p>Seit 2017 gibt es spomodo.de, Sport Moderation Dortmund. Dort habe ich die zahlreicher werdenden Aktivit\u00e4ten in diesem Bereich nun in einer kleinen Agentur zusammengefasst. Zu Spomodo geh\u00f6ren auch die Veranstaltungstechnik sowie Audio-Produktionen im eigenen Studio.<\/p>\n\n\n\n<p>Und wenn Sie Interesse haben mich noch n\u00e4her kennen zu lernen, erz\u00e4hle ich Ihnen vielleicht (aber nur vielleicht) von der &#8220;Guten alten Zeit beim Radio&#8221; &#8211; mit Manni Breuckmann im Wedau-Stadion, hinter der B\u00fchne bei Dave Brubeck in der Tonhalle D\u00fcsseldorf, meiner Zeit in Bonn im Studio mit Klaus-J\u00fcrgen Haller und Friedrich Nowottny oder der Abschlussfete von WDR Radio Dortmund in der Lindemannstra\u00dfe mit J\u00f6rg Thadeusz.<\/p>\n","protected":false},"excerpt":{"rendered":"<p>\u00dcber mich WDR Radio Dortmund, die WDR \u00dcbertragungstechnik H\u00f6rfunk, die Deutsche Welle und der NDR waren Stationen meiner Reise durch die Radiowelt &#8211; und dies auf beiden Seiten der Studioscheibe. Zus\u00e4tzlich habe ich im aufkommenden B\u00fcrgerfunk der 90er Jahre Amateur-Gruppen bei der redaktionellen und technischen Erstellung von Radiobeitr\u00e4gen unterst\u00fctzt. Und auch wenn sich meine berufliche<\/p>\n<p class=\"more-link\"><a href=\"https:\/\/spomodo.de\/\" class=\"themebutton2\">READ MORE<\/a><\/p>\n","protected":false},"author":1,"featured_media":0,"parent":0,"menu_order":0,"comment_status":"closed","ping_status":"closed","template":"","meta":{"footnotes":""},"class_list":["post-2","page","type-page","status-publish","hentry"],"yoast_head":"<!-- This site is optimized with the Yoast SEO plugin v27.5 - https:\/\/yoast.com\/product\/yoast-seo-wordpress\/ -->\n<title>Startseite - SPOMODO<\/title>\n<meta name=\"description\" content=\"Marc R\u00fcther - Sprecher - Moderator - Produktion in Dortmund. Ausbildung bei der Sprecher-Akademie. Schwerpunkte Dokumentationen und Sport\" \/>\n<meta name=\"robots\" content=\"index, follow, max-snippet:-1, max-image-preview:large, max-video-preview:-1\" \/>\n<link rel=\"canonical\" href=\"https:\/\/spomodo.de\/\" \/>\n<meta property=\"og:locale\" content=\"de_DE\" \/>\n<meta property=\"og:type\" content=\"article\" \/>\n<meta property=\"og:title\" content=\"Startseite - SPOMODO\" \/>\n<meta property=\"og:description\" content=\"Marc R\u00fcther - Sprecher - Moderator - Produktion in Dortmund. Ausbildung bei der Sprecher-Akademie. Schwerpunkte Dokumentationen und Sport\" \/>\n<meta property=\"og:url\" content=\"https:\/\/spomodo.de\/\" \/>\n<meta property=\"og:site_name\" content=\"SPOMODO\" \/>\n<meta property=\"article:modified_time\" content=\"2024-06-17T15:05:04+00:00\" \/>\n<meta property=\"og:image\" content=\"https:\/\/spomodo.de\/wp-content\/uploads\/2022\/03\/BVBSlider-1024x518.jpg\" \/>\n<meta name=\"twitter:card\" content=\"summary_large_image\" \/>\n<meta name=\"twitter:label1\" content=\"Gesch\u00e4tzte Lesezeit\" \/>\n\t<meta name=\"twitter:data1\" content=\"2\u00a0Minuten\" \/>\n<script type=\"application\/ld+json\" class=\"yoast-schema-graph\">{\"@context\":\"https:\\\/\\\/schema.org\",\"@graph\":[{\"@type\":\"WebPage\",\"@id\":\"https:\\\/\\\/spomodo.de\\\/\",\"url\":\"https:\\\/\\\/spomodo.de\\\/\",\"name\":\"Startseite - SPOMODO\",\"isPartOf\":{\"@id\":\"https:\\\/\\\/spomodo.de\\\/#website\"},\"primaryImageOfPage\":{\"@id\":\"https:\\\/\\\/spomodo.de\\\/#primaryimage\"},\"image\":{\"@id\":\"https:\\\/\\\/spomodo.de\\\/#primaryimage\"},\"thumbnailUrl\":\"https:\\\/\\\/spomodo.de\\\/wp-content\\\/uploads\\\/2022\\\/03\\\/BVBSlider-1024x518.jpg\",\"datePublished\":\"2022-03-01T10:23:24+00:00\",\"dateModified\":\"2024-06-17T15:05:04+00:00\",\"description\":\"Marc R\u00fcther - Sprecher - Moderator - Produktion in Dortmund. Ausbildung bei der Sprecher-Akademie. Schwerpunkte Dokumentationen und Sport\",\"breadcrumb\":{\"@id\":\"https:\\\/\\\/spomodo.de\\\/#breadcrumb\"},\"inLanguage\":\"de\",\"potentialAction\":[{\"@type\":\"ReadAction\",\"target\":[\"https:\\\/\\\/spomodo.de\\\/\"]}]},{\"@type\":\"ImageObject\",\"inLanguage\":\"de\",\"@id\":\"https:\\\/\\\/spomodo.de\\\/#primaryimage\",\"url\":\"https:\\\/\\\/spomodo.de\\\/wp-content\\\/uploads\\\/2022\\\/03\\\/BVBSlider-e1718636669373.jpg\",\"contentUrl\":\"https:\\\/\\\/spomodo.de\\\/wp-content\\\/uploads\\\/2022\\\/03\\\/BVBSlider-e1718636669373.jpg\",\"width\":410,\"height\":475,\"caption\":\"Sportmoderation\"},{\"@type\":\"BreadcrumbList\",\"@id\":\"https:\\\/\\\/spomodo.de\\\/#breadcrumb\",\"itemListElement\":[{\"@type\":\"ListItem\",\"position\":1,\"name\":\"Startseite\",\"item\":\"https:\\\/\\\/spomodo.de\\\/\"},{\"@type\":\"ListItem\",\"position\":2,\"name\":\"Startseite\"}]},{\"@type\":\"WebSite\",\"@id\":\"https:\\\/\\\/spomodo.de\\\/#website\",\"url\":\"https:\\\/\\\/spomodo.de\\\/\",\"name\":\"SPOMODO\",\"description\":\"Sprecher - Moderator - Produktionen\",\"publisher\":{\"@id\":\"https:\\\/\\\/spomodo.de\\\/#organization\"},\"potentialAction\":[{\"@type\":\"SearchAction\",\"target\":{\"@type\":\"EntryPoint\",\"urlTemplate\":\"https:\\\/\\\/spomodo.de\\\/?s={search_term_string}\"},\"query-input\":{\"@type\":\"PropertyValueSpecification\",\"valueRequired\":true,\"valueName\":\"search_term_string\"}}],\"inLanguage\":\"de\"},{\"@type\":\"Organization\",\"@id\":\"https:\\\/\\\/spomodo.de\\\/#organization\",\"name\":\"spomodo.de\",\"url\":\"https:\\\/\\\/spomodo.de\\\/\",\"logo\":{\"@type\":\"ImageObject\",\"inLanguage\":\"de\",\"@id\":\"https:\\\/\\\/spomodo.de\\\/#\\\/schema\\\/logo\\\/image\\\/\",\"url\":\"https:\\\/\\\/spomodo.de\\\/wp-content\\\/uploads\\\/2022\\\/03\\\/Logoweblaengs.jpg\",\"contentUrl\":\"https:\\\/\\\/spomodo.de\\\/wp-content\\\/uploads\\\/2022\\\/03\\\/Logoweblaengs.jpg\",\"width\":264,\"height\":359,\"caption\":\"spomodo.de\"},\"image\":{\"@id\":\"https:\\\/\\\/spomodo.de\\\/#\\\/schema\\\/logo\\\/image\\\/\"}}]}<\/script>\n<!-- \/ Yoast SEO plugin. -->","yoast_head_json":{"title":"Startseite - SPOMODO","description":"Marc R\u00fcther - Sprecher - Moderator - Produktion in Dortmund. Ausbildung bei der Sprecher-Akademie. Schwerpunkte Dokumentationen und Sport","robots":{"index":"index","follow":"follow","max-snippet":"max-snippet:-1","max-image-preview":"max-image-preview:large","max-video-preview":"max-video-preview:-1"},"canonical":"https:\/\/spomodo.de\/","og_locale":"de_DE","og_type":"article","og_title":"Startseite - SPOMODO","og_description":"Marc R\u00fcther - Sprecher - Moderator - Produktion in Dortmund. Ausbildung bei der Sprecher-Akademie. Schwerpunkte Dokumentationen und Sport","og_url":"https:\/\/spomodo.de\/","og_site_name":"SPOMODO","article_modified_time":"2024-06-17T15:05:04+00:00","og_image":[{"url":"https:\/\/spomodo.de\/wp-content\/uploads\/2022\/03\/BVBSlider-1024x518.jpg","type":"","width":"","height":""}],"twitter_card":"summary_large_image","twitter_misc":{"Gesch\u00e4tzte Lesezeit":"2\u00a0Minuten"},"schema":{"@context":"https:\/\/schema.org","@graph":[{"@type":"WebPage","@id":"https:\/\/spomodo.de\/","url":"https:\/\/spomodo.de\/","name":"Startseite - SPOMODO","isPartOf":{"@id":"https:\/\/spomodo.de\/#website"},"primaryImageOfPage":{"@id":"https:\/\/spomodo.de\/#primaryimage"},"image":{"@id":"https:\/\/spomodo.de\/#primaryimage"},"thumbnailUrl":"https:\/\/spomodo.de\/wp-content\/uploads\/2022\/03\/BVBSlider-1024x518.jpg","datePublished":"2022-03-01T10:23:24+00:00","dateModified":"2024-06-17T15:05:04+00:00","description":"Marc R\u00fcther - Sprecher - Moderator - Produktion in Dortmund. Ausbildung bei der Sprecher-Akademie. Schwerpunkte Dokumentationen und Sport","breadcrumb":{"@id":"https:\/\/spomodo.de\/#breadcrumb"},"inLanguage":"de","potentialAction":[{"@type":"ReadAction","target":["https:\/\/spomodo.de\/"]}]},{"@type":"ImageObject","inLanguage":"de","@id":"https:\/\/spomodo.de\/#primaryimage","url":"https:\/\/spomodo.de\/wp-content\/uploads\/2022\/03\/BVBSlider-e1718636669373.jpg","contentUrl":"https:\/\/spomodo.de\/wp-content\/uploads\/2022\/03\/BVBSlider-e1718636669373.jpg","width":410,"height":475,"caption":"Sportmoderation"},{"@type":"BreadcrumbList","@id":"https:\/\/spomodo.de\/#breadcrumb","itemListElement":[{"@type":"ListItem","position":1,"name":"Startseite","item":"https:\/\/spomodo.de\/"},{"@type":"ListItem","position":2,"name":"Startseite"}]},{"@type":"WebSite","@id":"https:\/\/spomodo.de\/#website","url":"https:\/\/spomodo.de\/","name":"SPOMODO","description":"Sprecher - Moderator - Produktionen","publisher":{"@id":"https:\/\/spomodo.de\/#organization"},"potentialAction":[{"@type":"SearchAction","target":{"@type":"EntryPoint","urlTemplate":"https:\/\/spomodo.de\/?s={search_term_string}"},"query-input":{"@type":"PropertyValueSpecification","valueRequired":true,"valueName":"search_term_string"}}],"inLanguage":"de"},{"@type":"Organization","@id":"https:\/\/spomodo.de\/#organization","name":"spomodo.de","url":"https:\/\/spomodo.de\/","logo":{"@type":"ImageObject","inLanguage":"de","@id":"https:\/\/spomodo.de\/#\/schema\/logo\/image\/","url":"https:\/\/spomodo.de\/wp-content\/uploads\/2022\/03\/Logoweblaengs.jpg","contentUrl":"https:\/\/spomodo.de\/wp-content\/uploads\/2022\/03\/Logoweblaengs.jpg","width":264,"height":359,"caption":"spomodo.de"},"image":{"@id":"https:\/\/spomodo.de\/#\/schema\/logo\/image\/"}}]}},"jetpack_sharing_enabled":true,"_links":{"self":[{"href":"https:\/\/spomodo.de\/index.php?rest_route=\/wp\/v2\/pages\/2","targetHints":{"allow":["GET"]}}],"collection":[{"href":"https:\/\/spomodo.de\/index.php?rest_route=\/wp\/v2\/pages"}],"about":[{"href":"https:\/\/spomodo.de\/index.php?rest_route=\/wp\/v2\/types\/page"}],"author":[{"embeddable":true,"href":"https:\/\/spomodo.de\/index.php?rest_route=\/wp\/v2\/users\/1"}],"replies":[{"embeddable":true,"href":"https:\/\/spomodo.de\/index.php?rest_route=%2Fwp%2Fv2%2Fcomments&post=2"}],"version-history":[{"count":19,"href":"https:\/\/spomodo.de\/index.php?rest_route=\/wp\/v2\/pages\/2\/revisions"}],"predecessor-version":[{"id":400,"href":"https:\/\/spomodo.de\/index.php?rest_route=\/wp\/v2\/pages\/2\/revisions\/400"}],"wp:attachment":[{"href":"https:\/\/spomodo.de\/index.php?rest_route=%2Fwp%2Fv2%2Fmedia&parent=2"}],"curies":[{"name":"wp","href":"https:\/\/api.w.org\/{rel}","templated":true}]}}