{"id":111,"date":"2022-03-09T14:53:06","date_gmt":"2022-03-09T14:53:06","guid":{"rendered":"https:\/\/spomodo.de\/?page_id=111"},"modified":"2024-06-17T14:49:24","modified_gmt":"2024-06-17T14:49:24","slug":"dokumentation-voice-over-produktionen","status":"publish","type":"page","link":"https:\/\/spomodo.de\/?page_id=111","title":{"rendered":"Sprecher"},"content":{"rendered":"<div class=\"wp-block-image\">\n<figure class=\"aligncenter size-large is-resized\"><img loading=\"lazy\" decoding=\"async\" width=\"769\" height=\"1024\" src=\"https:\/\/spomodo.de\/wp-content\/uploads\/2022\/03\/SprecherBild-edited-1-769x1024.jpg\" alt=\"\" class=\"wp-image-119\" style=\"width:542px;height:auto\" srcset=\"https:\/\/spomodo.de\/wp-content\/uploads\/2022\/03\/SprecherBild-edited-1-769x1024.jpg 769w, https:\/\/spomodo.de\/wp-content\/uploads\/2022\/03\/SprecherBild-edited-1-225x300.jpg 225w, https:\/\/spomodo.de\/wp-content\/uploads\/2022\/03\/SprecherBild-edited-1-768x1023.jpg 768w, https:\/\/spomodo.de\/wp-content\/uploads\/2022\/03\/SprecherBild-edited-1-1153x1536.jpg 1153w, https:\/\/spomodo.de\/wp-content\/uploads\/2022\/03\/SprecherBild-edited-1.jpg 1497w\" sizes=\"auto, (max-width: 769px) 100vw, 769px\" \/><\/figure>\n<\/div>\n\n\n<div class=\"wp-block-kadence-rowlayout alignfull\">\n<div id=\"kt-layout-id_a6e821-41\" class=\"kt-row-layout-inner kt-layout-id_a6e821-41\">\n<div class=\"kt-row-column-wrap kt-has-2-columns kt-gutter-widest kt-v-gutter-default kt-row-valign-top kt-row-layout-equal kt-tab-layout-inherit kt-m-colapse-left-to-right kt-mobile-layout-row  kt-custom-first-width-35  kt-custom-second-width-65\">\n<div class=\"wp-block-kadence-column inner-column-1 kadence-column_7c0ee5-52\">\n<div class=\"kt-inside-inner-col\">&nbsp;<\/div>\n<\/div>\n<div class=\"wp-block-kadence-column inner-column-2 kadence-column_f00251-93\">\n<div class=\"kt-inside-inner-col\">\n<div class=\"wp-block-kadence-rowlayout alignnone\">\n<div id=\"kt-layout-id_2a8699-4e\" class=\"kt-row-layout-inner kt-layout-id_2a8699-4e\">\n<div class=\"kt-row-column-wrap kt-has-2-columns kt-gutter-wider kt-v-gutter-default kt-row-valign-top kt-row-layout-equal kt-tab-layout-equal kt-m-colapse-left-to-right kt-mobile-layout-equal\">\n<div class=\"wp-block-kadence-column inner-column-1 kadence-column_be650e-88\">\n<div class=\"kt-inside-inner-col\">\n<h1 class=\"kt-adv-heading_d1efcc-a3 wp-block-kadence-advancedheading has-cyan-bluish-gray-color has-text-color\" data-kb-block=\"kb-adv-heading_d1efcc-a3\">01. Dokus<\/h1>\n<p>Seri\u00f6s und entspannt, engagiert und ruhig. Lassen Sie Ihre Produktionen durch meinen Kommentar noch besser wirken.<\/p>\n<\/div>\n<\/div>\n<div class=\"wp-block-kadence-column inner-column-2 kadence-column_659087-9b\">\n<div class=\"kt-inside-inner-col\">\n<h1 class=\"kt-adv-heading_3adc70-04 wp-block-kadence-advancedheading has-cyan-bluish-gray-color has-text-color\" data-kb-block=\"kb-adv-heading_3adc70-04\">02. Voice-Over<\/h1>\n<p>Original-Statements empathisch und stimmungsgerecht vertont<\/p>\n<\/div>\n<\/div>\n<\/div>\n<\/div>\n<\/div>\n<div class=\"wp-block-kadence-rowlayout alignnone\">\n<div id=\"kt-layout-id_f2df18-9b\" class=\"kt-row-layout-inner kt-layout-id_f2df18-9b\">\n<div class=\"kt-row-column-wrap kt-has-2-columns kt-gutter-wider kt-v-gutter-default kt-row-valign-top kt-row-layout-equal kt-tab-layout-equal kt-m-colapse-left-to-right kt-mobile-layout-equal\">\n<div class=\"wp-block-kadence-column inner-column-1 kadence-column_fe5750-69\">\n<div class=\"kt-inside-inner-col\">\n<h1 class=\"kt-adv-heading_15acf6-1e wp-block-kadence-advancedheading has-cyan-bluish-gray-color has-text-color\" data-kb-block=\"kb-adv-heading_15acf6-1e\">03. Beitr\u00e4ge und Features<\/h1>\n<p>Umfangreiche Erfahrungen in der Gestaltung von Beitr\u00e4gen f\u00fcr das Radio und Podcasts<\/p>\n<\/div>\n<\/div>\n<div class=\"wp-block-kadence-column inner-column-2 kadence-column_77da65-31\">\n<div class=\"kt-inside-inner-col\">\n<h1 class=\"kt-adv-heading_9b7584-07 wp-block-kadence-advancedheading has-cyan-bluish-gray-color has-text-color\" data-kb-block=\"kb-adv-heading_9b7584-07\">04. Weitere Genres<\/h1>\n<p>Image-Film, H\u00f6rbuch oder sonstige Sprech-Aufgaben. Die H\u00f6rbeispiele geben einen \u00dcberblick. <br>Ich mach&#8217;s schon passend.<\/p>\n<\/div>\n<\/div>\n<\/div>\n<\/div>\n<\/div>\n<\/div>\n<\/div>\n<\/div>\n<\/div>\n<\/div>\n\n\n\n<div class=\"wp-block-kadence-advancedbtn kt-btn-align-center kt-btn-tablet-align-inherit kt-btn-mobile-align-inherit kt-btns-wrap kt-btns_62bce0-53\">\n<div class=\"kt-btn-wrap kt-btn-wrap-0\"><a class=\"kt-button button kt-btn-0-action kt-btn-size-standard kt-btn-style-basic kt-btn-svg-show-always kt-btn-has-text-true kt-btn-has-svg-false\" href=\"https:\/\/spomodo.de\/\"><span class=\"kt-btn-inner-text\">Zur\u00fcck<\/span><\/a><\/div>\n<\/div>\n\n\n<div class=\"wp-block-kadence-advancedbtn kt-btn-align-center kt-btn-tablet-align-inherit kt-btn-mobile-align-inherit kt-btns-wrap kt-btns_39915f-c7\">\n<div class=\"kt-btn-wrap kt-btn-wrap-0\"><a class=\"kt-button button kt-btn-0-action kt-btn-size-standard kt-btn-style-basic kt-btn-svg-show-always kt-btn-has-text-true kt-btn-has-svg-false\" href=\"https:\/\/spomodo.de\/hoerbeispiele\"><span class=\"kt-btn-inner-text\">H\u00f6rbeispiele<\/span><\/a><\/div>\n<\/div>","protected":false},"excerpt":{"rendered":"<p>&nbsp; 01. Dokus Seri\u00f6s und entspannt, engagiert und ruhig. Lassen Sie Ihre Produktionen durch meinen Kommentar noch besser wirken. 02. Voice-Over Original-Statements empathisch und stimmungsgerecht vertont 03. Beitr\u00e4ge und Features Umfangreiche Erfahrungen in der Gestaltung von Beitr\u00e4gen f\u00fcr das Radio und Podcasts 04. Weitere Genres Image-Film, H\u00f6rbuch oder sonstige Sprech-Aufgaben. Die H\u00f6rbeispiele geben einen \u00dcberblick.<\/p>\n<p class=\"more-link\"><a href=\"https:\/\/spomodo.de\/?page_id=111\" class=\"themebutton2\">READ MORE<\/a><\/p>\n","protected":false},"author":1,"featured_media":0,"parent":0,"menu_order":0,"comment_status":"closed","ping_status":"closed","template":"","meta":{"footnotes":""},"class_list":["post-111","page","type-page","status-publish","hentry"],"yoast_head":"<!-- This site is optimized with the Yoast SEO plugin v27.5 - https:\/\/yoast.com\/product\/yoast-seo-wordpress\/ -->\n<title>Sprecher - SPOMODO<\/title>\n<meta name=\"robots\" content=\"index, follow, max-snippet:-1, max-image-preview:large, max-video-preview:-1\" \/>\n<link rel=\"canonical\" href=\"https:\/\/spomodo.de\/?page_id=111\" \/>\n<meta property=\"og:locale\" content=\"de_DE\" \/>\n<meta property=\"og:type\" content=\"article\" \/>\n<meta property=\"og:title\" content=\"Sprecher - SPOMODO\" \/>\n<meta property=\"og:description\" content=\"&nbsp; 01. Dokus Seri\u00f6s und entspannt, engagiert und ruhig. Lassen Sie Ihre Produktionen durch meinen Kommentar noch besser wirken. 02. Voice-Over Original-Statements empathisch und stimmungsgerecht vertont 03. Beitr\u00e4ge und Features Umfangreiche Erfahrungen in der Gestaltung von Beitr\u00e4gen f\u00fcr das Radio und Podcasts 04. Weitere Genres Image-Film, H\u00f6rbuch oder sonstige Sprech-Aufgaben. Die H\u00f6rbeispiele geben einen \u00dcberblick.READ MORE\" \/>\n<meta property=\"og:url\" content=\"https:\/\/spomodo.de\/?page_id=111\" \/>\n<meta property=\"og:site_name\" content=\"SPOMODO\" \/>\n<meta property=\"article:modified_time\" content=\"2024-06-17T14:49:24+00:00\" \/>\n<meta property=\"og:image\" content=\"https:\/\/spomodo.de\/wp-content\/uploads\/2022\/03\/SprecherBild-edited-1-769x1024.jpg\" \/>\n<meta name=\"twitter:card\" content=\"summary_large_image\" \/>\n<meta name=\"twitter:label1\" content=\"Gesch\u00e4tzte Lesezeit\" \/>\n\t<meta name=\"twitter:data1\" content=\"1\u00a0Minute\" \/>\n<script type=\"application\/ld+json\" class=\"yoast-schema-graph\">{\"@context\":\"https:\\\/\\\/schema.org\",\"@graph\":[{\"@type\":\"WebPage\",\"@id\":\"https:\\\/\\\/spomodo.de\\\/?page_id=111\",\"url\":\"https:\\\/\\\/spomodo.de\\\/?page_id=111\",\"name\":\"Sprecher - SPOMODO\",\"isPartOf\":{\"@id\":\"https:\\\/\\\/spomodo.de\\\/#website\"},\"primaryImageOfPage\":{\"@id\":\"https:\\\/\\\/spomodo.de\\\/?page_id=111#primaryimage\"},\"image\":{\"@id\":\"https:\\\/\\\/spomodo.de\\\/?page_id=111#primaryimage\"},\"thumbnailUrl\":\"https:\\\/\\\/spomodo.de\\\/wp-content\\\/uploads\\\/2022\\\/03\\\/SprecherBild-edited-1-769x1024.jpg\",\"datePublished\":\"2022-03-09T14:53:06+00:00\",\"dateModified\":\"2024-06-17T14:49:24+00:00\",\"breadcrumb\":{\"@id\":\"https:\\\/\\\/spomodo.de\\\/?page_id=111#breadcrumb\"},\"inLanguage\":\"de\",\"potentialAction\":[{\"@type\":\"ReadAction\",\"target\":[\"https:\\\/\\\/spomodo.de\\\/?page_id=111\"]}]},{\"@type\":\"ImageObject\",\"inLanguage\":\"de\",\"@id\":\"https:\\\/\\\/spomodo.de\\\/?page_id=111#primaryimage\",\"url\":\"https:\\\/\\\/spomodo.de\\\/wp-content\\\/uploads\\\/2022\\\/03\\\/SprecherBild-edited-1.jpg\",\"contentUrl\":\"https:\\\/\\\/spomodo.de\\\/wp-content\\\/uploads\\\/2022\\\/03\\\/SprecherBild-edited-1.jpg\",\"width\":1497,\"height\":1994},{\"@type\":\"BreadcrumbList\",\"@id\":\"https:\\\/\\\/spomodo.de\\\/?page_id=111#breadcrumb\",\"itemListElement\":[{\"@type\":\"ListItem\",\"position\":1,\"name\":\"Startseite\",\"item\":\"https:\\\/\\\/spomodo.de\\\/\"},{\"@type\":\"ListItem\",\"position\":2,\"name\":\"Sprecher\"}]},{\"@type\":\"WebSite\",\"@id\":\"https:\\\/\\\/spomodo.de\\\/#website\",\"url\":\"https:\\\/\\\/spomodo.de\\\/\",\"name\":\"SPOMODO\",\"description\":\"Sprecher - Moderator - Produktionen\",\"publisher\":{\"@id\":\"https:\\\/\\\/spomodo.de\\\/#organization\"},\"potentialAction\":[{\"@type\":\"SearchAction\",\"target\":{\"@type\":\"EntryPoint\",\"urlTemplate\":\"https:\\\/\\\/spomodo.de\\\/?s={search_term_string}\"},\"query-input\":{\"@type\":\"PropertyValueSpecification\",\"valueRequired\":true,\"valueName\":\"search_term_string\"}}],\"inLanguage\":\"de\"},{\"@type\":\"Organization\",\"@id\":\"https:\\\/\\\/spomodo.de\\\/#organization\",\"name\":\"spomodo.de\",\"url\":\"https:\\\/\\\/spomodo.de\\\/\",\"logo\":{\"@type\":\"ImageObject\",\"inLanguage\":\"de\",\"@id\":\"https:\\\/\\\/spomodo.de\\\/#\\\/schema\\\/logo\\\/image\\\/\",\"url\":\"https:\\\/\\\/spomodo.de\\\/wp-content\\\/uploads\\\/2022\\\/03\\\/Logoweblaengs.jpg\",\"contentUrl\":\"https:\\\/\\\/spomodo.de\\\/wp-content\\\/uploads\\\/2022\\\/03\\\/Logoweblaengs.jpg\",\"width\":264,\"height\":359,\"caption\":\"spomodo.de\"},\"image\":{\"@id\":\"https:\\\/\\\/spomodo.de\\\/#\\\/schema\\\/logo\\\/image\\\/\"}}]}<\/script>\n<!-- \/ Yoast SEO plugin. -->","yoast_head_json":{"title":"Sprecher - SPOMODO","robots":{"index":"index","follow":"follow","max-snippet":"max-snippet:-1","max-image-preview":"max-image-preview:large","max-video-preview":"max-video-preview:-1"},"canonical":"https:\/\/spomodo.de\/?page_id=111","og_locale":"de_DE","og_type":"article","og_title":"Sprecher - SPOMODO","og_description":"&nbsp; 01. Dokus Seri\u00f6s und entspannt, engagiert und ruhig. Lassen Sie Ihre Produktionen durch meinen Kommentar noch besser wirken. 02. Voice-Over Original-Statements empathisch und stimmungsgerecht vertont 03. Beitr\u00e4ge und Features Umfangreiche Erfahrungen in der Gestaltung von Beitr\u00e4gen f\u00fcr das Radio und Podcasts 04. Weitere Genres Image-Film, H\u00f6rbuch oder sonstige Sprech-Aufgaben. Die H\u00f6rbeispiele geben einen \u00dcberblick.READ MORE","og_url":"https:\/\/spomodo.de\/?page_id=111","og_site_name":"SPOMODO","article_modified_time":"2024-06-17T14:49:24+00:00","og_image":[{"url":"https:\/\/spomodo.de\/wp-content\/uploads\/2022\/03\/SprecherBild-edited-1-769x1024.jpg","type":"","width":"","height":""}],"twitter_card":"summary_large_image","twitter_misc":{"Gesch\u00e4tzte Lesezeit":"1\u00a0Minute"},"schema":{"@context":"https:\/\/schema.org","@graph":[{"@type":"WebPage","@id":"https:\/\/spomodo.de\/?page_id=111","url":"https:\/\/spomodo.de\/?page_id=111","name":"Sprecher - SPOMODO","isPartOf":{"@id":"https:\/\/spomodo.de\/#website"},"primaryImageOfPage":{"@id":"https:\/\/spomodo.de\/?page_id=111#primaryimage"},"image":{"@id":"https:\/\/spomodo.de\/?page_id=111#primaryimage"},"thumbnailUrl":"https:\/\/spomodo.de\/wp-content\/uploads\/2022\/03\/SprecherBild-edited-1-769x1024.jpg","datePublished":"2022-03-09T14:53:06+00:00","dateModified":"2024-06-17T14:49:24+00:00","breadcrumb":{"@id":"https:\/\/spomodo.de\/?page_id=111#breadcrumb"},"inLanguage":"de","potentialAction":[{"@type":"ReadAction","target":["https:\/\/spomodo.de\/?page_id=111"]}]},{"@type":"ImageObject","inLanguage":"de","@id":"https:\/\/spomodo.de\/?page_id=111#primaryimage","url":"https:\/\/spomodo.de\/wp-content\/uploads\/2022\/03\/SprecherBild-edited-1.jpg","contentUrl":"https:\/\/spomodo.de\/wp-content\/uploads\/2022\/03\/SprecherBild-edited-1.jpg","width":1497,"height":1994},{"@type":"BreadcrumbList","@id":"https:\/\/spomodo.de\/?page_id=111#breadcrumb","itemListElement":[{"@type":"ListItem","position":1,"name":"Startseite","item":"https:\/\/spomodo.de\/"},{"@type":"ListItem","position":2,"name":"Sprecher"}]},{"@type":"WebSite","@id":"https:\/\/spomodo.de\/#website","url":"https:\/\/spomodo.de\/","name":"SPOMODO","description":"Sprecher - Moderator - Produktionen","publisher":{"@id":"https:\/\/spomodo.de\/#organization"},"potentialAction":[{"@type":"SearchAction","target":{"@type":"EntryPoint","urlTemplate":"https:\/\/spomodo.de\/?s={search_term_string}"},"query-input":{"@type":"PropertyValueSpecification","valueRequired":true,"valueName":"search_term_string"}}],"inLanguage":"de"},{"@type":"Organization","@id":"https:\/\/spomodo.de\/#organization","name":"spomodo.de","url":"https:\/\/spomodo.de\/","logo":{"@type":"ImageObject","inLanguage":"de","@id":"https:\/\/spomodo.de\/#\/schema\/logo\/image\/","url":"https:\/\/spomodo.de\/wp-content\/uploads\/2022\/03\/Logoweblaengs.jpg","contentUrl":"https:\/\/spomodo.de\/wp-content\/uploads\/2022\/03\/Logoweblaengs.jpg","width":264,"height":359,"caption":"spomodo.de"},"image":{"@id":"https:\/\/spomodo.de\/#\/schema\/logo\/image\/"}}]}},"jetpack_sharing_enabled":true,"_links":{"self":[{"href":"https:\/\/spomodo.de\/index.php?rest_route=\/wp\/v2\/pages\/111","targetHints":{"allow":["GET"]}}],"collection":[{"href":"https:\/\/spomodo.de\/index.php?rest_route=\/wp\/v2\/pages"}],"about":[{"href":"https:\/\/spomodo.de\/index.php?rest_route=\/wp\/v2\/types\/page"}],"author":[{"embeddable":true,"href":"https:\/\/spomodo.de\/index.php?rest_route=\/wp\/v2\/users\/1"}],"replies":[{"embeddable":true,"href":"https:\/\/spomodo.de\/index.php?rest_route=%2Fwp%2Fv2%2Fcomments&post=111"}],"version-history":[{"count":23,"href":"https:\/\/spomodo.de\/index.php?rest_route=\/wp\/v2\/pages\/111\/revisions"}],"predecessor-version":[{"id":387,"href":"https:\/\/spomodo.de\/index.php?rest_route=\/wp\/v2\/pages\/111\/revisions\/387"}],"wp:attachment":[{"href":"https:\/\/spomodo.de\/index.php?rest_route=%2Fwp%2Fv2%2Fmedia&parent=111"}],"curies":[{"name":"wp","href":"https:\/\/api.w.org\/{rel}","templated":true}]}}